{"id":12184,"date":"2017-02-02T14:12:05","date_gmt":"2017-02-02T19:12:05","guid":{"rendered":"https:\/\/tc.domcode.co\/transfert-environnement-et-societe\/"},"modified":"2025-11-26T13:29:54","modified_gmt":"2025-11-26T18:29:54","slug":"transfert-environnement-et-societe","status":"publish","type":"page","link":"https:\/\/transfertconsult.ca\/en\/","title":{"rendered":"Transfert Environnement et Soci\u00e9t\u00e9"},"content":{"rendered":"\n    <div class='' role='carousel'>\n        <div id='carouselExampleIndicators' class='carousel slide' data-ride='carousel' data-interval='700000'>\n            <ol class='carousel-indicators hide'><li data-target='#carouselExampleIndicators' data-slide-to='0'  class='active'><\/li><li data-target='#carouselExampleIndicators' data-slide-to='1' ><\/li><li data-target='#carouselExampleIndicators' data-slide-to='2' ><\/li><li data-target='#carouselExampleIndicators' data-slide-to='3' ><\/li><li data-target='#carouselExampleIndicators' data-slide-to='4' ><\/li>\n            <\/ol>\n            <div class='carousel-inner' role='listbox'>\n    \n\n                <div class='carousel-item active' style='background-image: linear-gradient(rgba(0, 0, 0, 0.45), rgba(0, 0, 0, 0.45)), url(\/wp-content\/uploads\/2018\/02\/0002-bureau-batir-ponts-accueil-B43-V5-2.jpg)'>\n                    <div class='container carousel-item-box'>\n                        <div class='row'>\n                            <div class='col position-relative'>\n                                <div class='module-h'>\n                                    <h2>The art of building bridges<\/h2>\n                                    <h3>Informer | consulter | engager<\/h3>\n                                    <p>Transfert Environnement et Soci\u00e9t\u00e9 a pour mission de cr\u00e9er des ponts entre les organisations et les collectivit\u00e9s dans des contextes d\u2019acceptabilit\u00e9 de projets d\u2019envergure. Elle favorise ainsi un dialogue constructif, strat\u00e9gique, coh\u00e9rent et harmonieux en vue de cr\u00e9er les meilleures conditions entre les communaut\u00e9s et les projets pour que ces derniers soient d\u00e9velopp\u00e9s de mani\u00e8re responsable.<\/p><a class='btn' href='\/un-savoir-faire-unique\/'>Voir notre savoir-faire<\/a><\/div>\n                            <\/div>\n                        <\/div>\n                    <\/div>\n                <\/div>\n\n                <div class='carousel-item ' style='background-image: linear-gradient(rgba(0, 0, 0, 0.45), rgba(0, 0, 0, 0.45)), url(\/wp-content\/uploads\/2020\/05\/Participation-citoyenne-et-engagement-en-ligne.png)'>\n                    <div class='container carousel-item-box'>\n                        <div class='row'>\n                            <div class='col position-relative'>\n                                <div class='module-h'>\n                                    <h2>Participation citoyenne et engagement en ligne<\/h2>\n                                    <h3>Des strat\u00e9gies adapt\u00e9es \u00e0 la r\u00e9alit\u00e9 des communaut\u00e9s<\/h3>\n                                    <p>Le succ\u00e8s d\u2019une d\u00e9marche en ligne se fonde sur la maitrise des bonnes pratiques : il ne s&#8217;agit pas de transposer simplement les activit\u00e9s en personne vers des outils en ligne. Nous vous aidons \u00e0 favoriser l&#8217;engagement en ligne et \u00e0 g\u00e9n\u00e9rer des discussions significatives.<\/p><a class='btn' href='\/savoir-faire-unique\/plateformes-collaboratives-2-0-collaboration-avec-le-publique\/'>Voir notre expertise<\/a><\/div>\n                            <\/div>\n                        <\/div>\n                    <\/div>\n                <\/div>\n\n                <div class='carousel-item ' style='background-image: linear-gradient(rgba(0, 0, 0, 0.45), rgba(0, 0, 0, 0.45)), url(\/wp-content\/uploads\/2018\/02\/0004-montreal-ville-accueil-B43-V5.jpg)'>\n                    <div class='container carousel-item-box'>\n                        <div class='row'>\n                            <div class='col position-relative'>\n                                <div class='module-h'>\n                                    <h2>Des r\u00e9alisations d'int\u00e9r\u00eat<\/h2>\n                                    <h3>Des projets bonifi\u00e9s pour le b\u00e9n\u00e9fice des entreprises et des communaut\u00e9s<\/h3>\n                                    <p>Avec ses quelque 30 ans d\u2019exp\u00e9rience, Transfert Environnement et Soci\u00e9t\u00e9 compte de nombreuses r\u00e9alisations dans les secteurs d\u2019activit\u00e9s o\u00f9 des enjeux d\u2019acceptabilit\u00e9 sociale se manifestent. Son expertise permet de conjuguer les objectifs d\u2019affaires d\u2019une entreprise et les attentes socio-\u00e9conomiques, communautaires et environnementales des communaut\u00e9s.<\/p><a class='btn' href='\/realisation\/'>Voir nos projets<\/a><\/div>\n                            <\/div>\n                        <\/div>\n                    <\/div>\n                <\/div>\n\n                <div class='carousel-item ' style='background-image: linear-gradient(rgba(0, 0, 0, 0.45), rgba(0, 0, 0, 0.45)), url(\/wp-content\/uploads\/2018\/02\/0006-accueil-equipe-table-bureau-B43-V1.jpg)'>\n                    <div class='container carousel-item-box'>\n                        <div class='row'>\n                            <div class='col position-relative'>\n                                <div class='module-h'>\n                                    <h2>Un savoir faire exceptionnel<\/h2>\n                                    <h3>Pionni\u00e8re des relations avec la communaut\u00e9 et de la participation citoyenne<\/h3>\n                                    <p>Transfert Environnement et Soci\u00e9t\u00e9 offre une solution unique et \u00e9prouv\u00e9e qui permet de bonifier et d\u2019int\u00e9grer les entreprises et leurs projets \u00e0 leur milieu d\u2019accueil. Pour qu\u2019un projet se d\u00e9veloppe en harmonie avec la collectivit\u00e9, des m\u00e9canismes de communication et de consultation avec les parties prenantes doivent \u00eatre mis en place \u00e0 toutes les \u00e9tapes de son d\u00e9veloppement et de sa r\u00e9alisation. Transfert accompagne promoteurs et collectivit\u00e9s pour viser un d\u00e9veloppement responsable, collaboratif et durable. <\/p><a class='btn' href='\/entreprise\/au-services-des-entreprises-et-des-citoyens\/'>D\u00e9couvrez nos activit\u00e9s<\/a><\/div>\n                            <\/div>\n                        <\/div>\n                    <\/div>\n                <\/div>\n\n                <div class='carousel-item ' style='background-image: linear-gradient(rgba(0, 0, 0, 0.45), rgba(0, 0, 0, 0.45)), url(\/wp-content\/uploads\/2018\/12\/0008-accueil-reunion.jpg)'>\n                    <div class='container carousel-item-box'>\n                        <div class='row'>\n                            <div class='col position-relative'>\n                                <div class='module-h'>\n                                    <h2>Nos connaissances \u00e0 votre service<\/h2>\n                                    <h3>Des ressources \u00e0 votre disposition pour mieux comprendre notre d\u00e9marche<\/h3>\n                                    <p>Avec son blogue th\u00e9matique, Transfert Environnement et Soci\u00e9t\u00e9 vise \u00e0 partager avec ses collaborateurs, ses partenaires, ses clients actuels et potentiels, ainsi que les milieux acad\u00e9mique et professionnel, son expertise, ses exp\u00e9riences et ses pratiques.<\/p><a class='btn' href='\/blogue-expertise\/'>Consultez notre blogue<\/a><\/div>\n                            <\/div>\n                        <\/div>\n                    <\/div>\n                <\/div>\n\n            <\/div>\n            <a class='carousel-control-prev' href='#carouselExampleIndicators' role='button' data-slide='prev'>\n                <span class='carousel-control-prev-icon' aria-hidden='true'><\/span>\n                <span class='sr-only'>Previous<\/span>\n            <\/a>\n            <a class='carousel-control-next' href='#carouselExampleIndicators' role='button' data-slide='next'>\n                <span class='carousel-control-next-icon' aria-hidden='true'><\/span>\n                <span class='sr-only'>Next<\/span>\n            <\/a>\n        <\/div>\n    <\/div>\n    \n<div class=\"container show-mobile\">\n<div class=\"module-o\"><\/div>\n<div class=\"row\">\n<div class=\"col-12\">\n<h2><\/h2>\n<h2>The art of building bridges<\/h2>\n<h3>Informer, consulter, engager<\/h3>\n<p><img decoding=\"async\" src=\"\/wp-content\/uploads\/2018\/02\/0002-bureau-batir-ponts-accueil-B43-V5-2.jpg\" \/><\/p>\n<p>Transfert Environnement et Soci\u00e9t\u00e9 a pour mission de cr\u00e9er des ponts entre les organisations et les collectivit\u00e9s dans des contextes d\u2019acceptabilit\u00e9 de projets d\u2019envergure. Elle favorise ainsi un dialogue constructif, strat\u00e9gique, coh\u00e9rent et harmonieux en vue de cr\u00e9er les meilleures conditions entre les communaut\u00e9s et les promoteurs de projets pour que ces derniers soient d\u00e9velopp\u00e9s de mani\u00e8re responsable.<\/p>\n<p><a class=\"btn\" href=\"\/un-savoir-faire-unique\/\">Voir notre savoir-faire<\/a><\/p>\n<\/div>\n<\/div>\n<div class=\"module-o\"><\/div>\n<div class=\"row\">\n<div class=\"col-12\">\n<h2>Participation citoyenne et engagement en ligne<\/h2>\n<h3>Des strat\u00e9gies adapt\u00e9es \u00e0 la r\u00e9alit\u00e9 des communaut\u00e9s<\/h3>\n<p><img decoding=\"async\" src=\"\/wp-content\/uploads\/2020\/05\/Participation-citoyenne-et-engagement-en-ligne.png\" \/><\/p>\n<p>Le succ\u00e8s d\u2019une d\u00e9marche en ligne se fonde sur la maitrise des bonnes pratiques : il ne s&#8217;agit pas de transposer simplement les activit\u00e9s en personne vers des outils en ligne. Nous vous aidons \u00e0 favoriser l&#8217;engagement en ligne et \u00e0 g\u00e9n\u00e9rer des discussions significatives.<\/p>\n<p><a class=\"btn\" href=\"https:\/\/transfertconsult.ca\/en\/exceptional-know-how\/citizen-participation-and-online-engagement\/\">Voir notre expertise<\/a><\/p>\n<\/div>\n<\/div>\n<div class=\"module-o\"><\/div>\n<div class=\"row\">\n<div class=\"col-12\">\n<h2>Des r\u00e9alisation d&#8217;int\u00e9r\u00eats<\/h2>\n<h3>Des projets bonifi\u00e9s pour le b\u00e9n\u00e9fice des entreprises et des communaut\u00e9s<\/h3>\n<p><img decoding=\"async\" src=\"\/wp-content\/uploads\/2018\/02\/0004-montreal-ville-accueil-B43-V5.jpg\" \/><\/p>\n<p>Avec ses quelque 30 ans d\u2019exp\u00e9rience, Transfert Environnement et Soci\u00e9t\u00e9 compte de nombreuses r\u00e9alisations dans les secteurs d\u2019activit\u00e9s o\u00f9 des enjeux d\u2019acceptabilit\u00e9 sociale se manifestent. Son expertise permet de conjuguer les objectifs d\u2019affaires d\u2019une entreprise et les attentes socio-\u00e9conomiques, communautaires et environnementales des communaut\u00e9s.<\/p>\n<p><a class=\"btn\" href=\"\/realisation\/\">Voir nos r\u00e9alisations<\/a><\/p>\n<\/div>\n<\/div>\n<div class=\"module-o\"><\/div>\n<div class=\"row\">\n<div class=\"col-12\">\n<h2>Un savoir faire exceptionnel<\/h2>\n<h3>Pionni\u00e8re des relations avec la communaut\u00e9 et de la participation citoyenne<\/h3>\n<p><img decoding=\"async\" src=\"\/wp-content\/uploads\/2018\/02\/0006-accueil-equipe-table-bureau-B43-V1.jpg\" \/><\/p>\n<p>Transfert Environnement et Soci\u00e9t\u00e9 offre une solution unique et \u00e9prouv\u00e9e qui permet de bonifier et d\u2019int\u00e9grer les entreprises et leurs projets \u00e0 leur milieu d\u2019accueil. Pour qu\u2019un projet se d\u00e9veloppe en harmonie avec la collectivit\u00e9, des m\u00e9canismes de communication et de consultation avec les parties prenantes doivent \u00eatre mis en place \u00e0 toutes les \u00e9tapes de son d\u00e9veloppement et de sa r\u00e9alisation. Transfert accompagne promoteurs et collectivit\u00e9s pour viser un d\u00e9veloppement responsable, collaboratif et durable.<\/p>\n<p><a class=\"btn\" href=\"\/entreprise\/au-services-des-entreprises-et-des-citoyens\/\">D\u00e9couvrez nos activit\u00e9s<\/a><\/p>\n<\/div>\n<\/div>\n<div class=\"module-o\"><\/div>\n<div class=\"row\">\n<div class=\"col-12\">\n<h2>Nos connaissances \u00e0 votre service<\/h2>\n<h3>Des ressources \u00e0 votre disposition pour mieux comprendre notre d\u00e9marche<\/h3>\n<p><img decoding=\"async\" src=\"\/wp-content\/uploads\/2018\/12\/0008-accueil-reunion.jpg\" \/><\/p>\n<p>Avec son blogue th\u00e9matique, Transfert Environnement et Soci\u00e9t\u00e9 vise \u00e0 partager avec ses collaborateurs, ses partenaires, ses clients actuels et potentiels, ainsi que les milieux acad\u00e9mique et professionnel, son expertise, ses exp\u00e9riences et ses pratiques.<\/p>\n<p><a class=\"btn\" href=\"\/blogue-expertise\/\">Consultez notre blogue<\/a><\/p>\n<\/div>\n<\/div>\n<div class=\"module-o\"><\/div>\n<\/div>\n","protected":false},"excerpt":{"rendered":"The art of building bridges Informer, consulter, engager Transfert Environnement et Soci\u00e9t\u00e9 a pour mission de cr\u00e9er des ponts entre les organisations et les collectivit\u00e9s dans des contextes d\u2019acceptabilit\u00e9 de projets d\u2019envergure. Elle favorise ainsi un dialogue constructif, strat\u00e9gique, coh\u00e9rent et harmonieux en vue de cr\u00e9er les meilleures conditions entre les communaut\u00e9s et les promoteurs&#8230; <br><a class=\"btn\" href=\"https:\/\/transfertconsult.ca\/en\/\">Voir l&#8217;article<\/a>","protected":false},"author":23,"featured_media":11341,"parent":0,"menu_order":0,"comment_status":"closed","ping_status":"closed","template":"templates\/accueil.php","meta":{"_acf_changed":false,"footnotes":""},"class_list":["post-12184","page","type-page","status-publish","has-post-thumbnail","hentry"],"acf":[],"_links":{"self":[{"href":"https:\/\/transfertconsult.ca\/en\/wp-json\/wp\/v2\/pages\/12184","targetHints":{"allow":["GET"]}}],"collection":[{"href":"https:\/\/transfertconsult.ca\/en\/wp-json\/wp\/v2\/pages"}],"about":[{"href":"https:\/\/transfertconsult.ca\/en\/wp-json\/wp\/v2\/types\/page"}],"author":[{"embeddable":true,"href":"https:\/\/transfertconsult.ca\/en\/wp-json\/wp\/v2\/users\/23"}],"replies":[{"embeddable":true,"href":"https:\/\/transfertconsult.ca\/en\/wp-json\/wp\/v2\/comments?post=12184"}],"version-history":[{"count":10,"href":"https:\/\/transfertconsult.ca\/en\/wp-json\/wp\/v2\/pages\/12184\/revisions"}],"predecessor-version":[{"id":14578,"href":"https:\/\/transfertconsult.ca\/en\/wp-json\/wp\/v2\/pages\/12184\/revisions\/14578"}],"wp:featuredmedia":[{"embeddable":true,"href":"https:\/\/transfertconsult.ca\/en\/wp-json\/wp\/v2\/media\/11341"}],"wp:attachment":[{"href":"https:\/\/transfertconsult.ca\/en\/wp-json\/wp\/v2\/media?parent=12184"}],"curies":[{"name":"wp","href":"https:\/\/api.w.org\/{rel}","templated":true}]}}